{"id":999,"date":"2024-11-22T16:39:04","date_gmt":"2024-11-22T15:39:04","guid":{"rendered":"https:\/\/gabyenrose.com\/?page_id=999"},"modified":"2025-07-20T18:52:21","modified_gmt":"2025-07-20T16:52:21","slug":"portraits-live-drawings","status":"publish","type":"page","link":"https:\/\/gabyenrose.com\/index.php\/portraits-live-drawings\/","title":{"rendered":"Portraits\/Live drawings"},"content":{"rendered":"\n<div style=\"height:97px\" aria-hidden=\"true\" class=\"wp-block-spacer\"><\/div>\n\n\n\n<h2 class=\"wp-block-heading has-text-align-center has-ast-global-color-5-color has-text-color has-link-color has-x-large-font-size wp-elements-ab4280b25a75421b8a2345b3f2f1b445\">Portraits personnalis\u00e9s<\/h2>\n\n\n\n<p class=\"has-text-align-center has-ast-global-color-5-color has-text-color has-link-color wp-elements-1ddd91a8204bb036ba25087eccb6d18b\">R\u00e9alisation de portraits personnalis\u00e9s \u00e0 la demande<br><em>Mix de traditionnel et digital<\/em><br><\/p>\n\n\n\n<div class=\"wp-block-columns is-layout-flex wp-container-core-columns-is-layout-28f84493 wp-block-columns-is-layout-flex\">\n<div class=\"wp-block-column is-layout-flow wp-block-column-is-layout-flow\">\n<figure class=\"wp-block-image aligncenter size-large is-resized\"><img loading=\"lazy\" decoding=\"async\" width=\"724\" height=\"1024\" src=\"http:\/\/gabyenrose.com\/wp-content\/uploads\/2024\/11\/CHLOE__SEBASTIEN-724x1024.jpg\" alt=\"\" class=\"wp-image-1004\" style=\"width:313px;height:auto\" srcset=\"https:\/\/gabyenrose.com\/wp-content\/uploads\/2024\/11\/CHLOE__SEBASTIEN-724x1024.jpg 724w, https:\/\/gabyenrose.com\/wp-content\/uploads\/2024\/11\/CHLOE__SEBASTIEN-212x300.jpg 212w, https:\/\/gabyenrose.com\/wp-content\/uploads\/2024\/11\/CHLOE__SEBASTIEN-768x1086.jpg 768w, https:\/\/gabyenrose.com\/wp-content\/uploads\/2024\/11\/CHLOE__SEBASTIEN-1086x1536.jpg 1086w, https:\/\/gabyenrose.com\/wp-content\/uploads\/2024\/11\/CHLOE__SEBASTIEN-1448x2048.jpg 1448w, https:\/\/gabyenrose.com\/wp-content\/uploads\/2024\/11\/CHLOE__SEBASTIEN-scaled.jpg 1810w\" sizes=\"auto, (max-width: 724px) 100vw, 724px\" \/><\/figure>\n<\/div>\n\n\n\n<div class=\"wp-block-column is-layout-flow wp-block-column-is-layout-flow\">\n<figure class=\"wp-block-image aligncenter size-large is-resized\"><img loading=\"lazy\" decoding=\"async\" width=\"672\" height=\"1024\" src=\"http:\/\/gabyenrose.com\/wp-content\/uploads\/2024\/11\/IMG_4143-e1732286101545-672x1024.jpg\" alt=\"\" class=\"wp-image-1005\" style=\"width:290px;height:auto\" srcset=\"https:\/\/gabyenrose.com\/wp-content\/uploads\/2024\/11\/IMG_4143-e1732286101545-672x1024.jpg 672w, https:\/\/gabyenrose.com\/wp-content\/uploads\/2024\/11\/IMG_4143-e1732286101545-197x300.jpg 197w, https:\/\/gabyenrose.com\/wp-content\/uploads\/2024\/11\/IMG_4143-e1732286101545.jpg 748w\" sizes=\"auto, (max-width: 672px) 100vw, 672px\" \/><\/figure>\n<\/div>\n\n\n\n<div class=\"wp-block-column is-layout-flow wp-block-column-is-layout-flow\">\n<figure class=\"wp-block-image aligncenter size-large\"><img loading=\"lazy\" decoding=\"async\" width=\"819\" height=\"1024\" src=\"http:\/\/gabyenrose.com\/wp-content\/uploads\/2024\/11\/Photo-illu-ChloeSebastien-819x1024.jpg\" alt=\"\" class=\"wp-image-1003\" srcset=\"https:\/\/gabyenrose.com\/wp-content\/uploads\/2024\/11\/Photo-illu-ChloeSebastien-819x1024.jpg 819w, https:\/\/gabyenrose.com\/wp-content\/uploads\/2024\/11\/Photo-illu-ChloeSebastien-240x300.jpg 240w, https:\/\/gabyenrose.com\/wp-content\/uploads\/2024\/11\/Photo-illu-ChloeSebastien-768x960.jpg 768w, https:\/\/gabyenrose.com\/wp-content\/uploads\/2024\/11\/Photo-illu-ChloeSebastien-1229x1536.jpg 1229w, https:\/\/gabyenrose.com\/wp-content\/uploads\/2024\/11\/Photo-illu-ChloeSebastien-1639x2048.jpg 1639w\" sizes=\"auto, (max-width: 819px) 100vw, 819px\" \/><\/figure>\n<\/div>\n<\/div>\n\n\n\n<div class=\"wp-block-columns is-layout-flex wp-container-core-columns-is-layout-28f84493 wp-block-columns-is-layout-flex\">\n<div class=\"wp-block-column is-layout-flow wp-block-column-is-layout-flow\">\n<figure class=\"wp-block-image aligncenter size-large is-resized\"><img loading=\"lazy\" decoding=\"async\" width=\"724\" height=\"1024\" src=\"http:\/\/gabyenrose.com\/wp-content\/uploads\/2025\/07\/FAMILLE_HANOTE-724x1024.jpg\" alt=\"\" class=\"wp-image-1067\" style=\"width:476px;height:auto\" srcset=\"https:\/\/gabyenrose.com\/wp-content\/uploads\/2025\/07\/FAMILLE_HANOTE-724x1024.jpg 724w, https:\/\/gabyenrose.com\/wp-content\/uploads\/2025\/07\/FAMILLE_HANOTE-212x300.jpg 212w, https:\/\/gabyenrose.com\/wp-content\/uploads\/2025\/07\/FAMILLE_HANOTE-768x1086.jpg 768w, https:\/\/gabyenrose.com\/wp-content\/uploads\/2025\/07\/FAMILLE_HANOTE-1086x1536.jpg 1086w, https:\/\/gabyenrose.com\/wp-content\/uploads\/2025\/07\/FAMILLE_HANOTE-1448x2048.jpg 1448w, https:\/\/gabyenrose.com\/wp-content\/uploads\/2025\/07\/FAMILLE_HANOTE-scaled.jpg 1810w\" sizes=\"auto, (max-width: 724px) 100vw, 724px\" \/><\/figure>\n<\/div>\n\n\n\n<div class=\"wp-block-column is-layout-flow wp-block-column-is-layout-flow\">\n<figure class=\"wp-block-image aligncenter size-large is-resized\"><img loading=\"lazy\" decoding=\"async\" width=\"683\" height=\"1024\" src=\"http:\/\/gabyenrose.com\/wp-content\/uploads\/2025\/07\/Cadre-Famille-Hanote-683x1024.jpeg\" alt=\"\" class=\"wp-image-1066\" style=\"width:451px;height:auto\" srcset=\"https:\/\/gabyenrose.com\/wp-content\/uploads\/2025\/07\/Cadre-Famille-Hanote-683x1024.jpeg 683w, https:\/\/gabyenrose.com\/wp-content\/uploads\/2025\/07\/Cadre-Famille-Hanote-200x300.jpeg 200w, https:\/\/gabyenrose.com\/wp-content\/uploads\/2025\/07\/Cadre-Famille-Hanote-768x1152.jpeg 768w, https:\/\/gabyenrose.com\/wp-content\/uploads\/2025\/07\/Cadre-Famille-Hanote-1024x1536.jpeg 1024w, https:\/\/gabyenrose.com\/wp-content\/uploads\/2025\/07\/Cadre-Famille-Hanote-1365x2048.jpeg 1365w, https:\/\/gabyenrose.com\/wp-content\/uploads\/2025\/07\/Cadre-Famille-Hanote.jpeg 1600w\" sizes=\"auto, (max-width: 683px) 100vw, 683px\" \/><\/figure>\n<\/div>\n<\/div>\n\n\n\n<p><\/p>\n","protected":false},"excerpt":{"rendered":"<p>Portraits personnalis\u00e9s R\u00e9alisation de portraits personnalis\u00e9s \u00e0 la demandeMix de traditionnel et digital<\/p>\n","protected":false},"author":1,"featured_media":0,"parent":0,"menu_order":0,"comment_status":"closed","ping_status":"closed","template":"","meta":{"site-sidebar-layout":"default","site-content-layout":"","ast-site-content-layout":"","site-content-style":"default","site-sidebar-style":"default","ast-global-header-display":"","ast-banner-title-visibility":"","ast-main-header-display":"","ast-hfb-above-header-display":"","ast-hfb-below-header-display":"","ast-hfb-mobile-header-display":"","site-post-title":"disabled","ast-breadcrumbs-content":"","ast-featured-img":"","footer-sml-layout":"","theme-transparent-header-meta":"","adv-header-id-meta":"","stick-header-meta":"","header-above-stick-meta":"","header-main-stick-meta":"","header-below-stick-meta":"","astra-migrate-meta-layouts":"default","ast-page-background-enabled":"default","ast-page-background-meta":{"desktop":{"background-color":"var(--ast-global-color-4)","background-image":"","background-repeat":"repeat","background-position":"center center","background-size":"auto","background-attachment":"scroll","background-type":"","background-media":"","overlay-type":"","overlay-color":"","overlay-opacity":"","overlay-gradient":""},"tablet":{"background-color":"","background-image":"","background-repeat":"repeat","background-position":"center center","background-size":"auto","background-attachment":"scroll","background-type":"","background-media":"","overlay-type":"","overlay-color":"","overlay-opacity":"","overlay-gradient":""},"mobile":{"background-color":"","background-image":"","background-repeat":"repeat","background-position":"center center","background-size":"auto","background-attachment":"scroll","background-type":"","background-media":"","overlay-type":"","overlay-color":"","overlay-opacity":"","overlay-gradient":""}},"ast-content-background-meta":{"desktop":{"background-color":"var(--ast-global-color-5)","background-image":"","background-repeat":"repeat","background-position":"center center","background-size":"auto","background-attachment":"scroll","background-type":"","background-media":"","overlay-type":"","overlay-color":"","overlay-opacity":"","overlay-gradient":""},"tablet":{"background-color":"var(--ast-global-color-5)","background-image":"","background-repeat":"repeat","background-position":"center center","background-size":"auto","background-attachment":"scroll","background-type":"","background-media":"","overlay-type":"","overlay-color":"","overlay-opacity":"","overlay-gradient":""},"mobile":{"background-color":"var(--ast-global-color-5)","background-image":"","background-repeat":"repeat","background-position":"center center","background-size":"auto","background-attachment":"scroll","background-type":"","background-media":"","overlay-type":"","overlay-color":"","overlay-opacity":"","overlay-gradient":""}},"footnotes":""},"class_list":["post-999","page","type-page","status-publish","hentry"],"_links":{"self":[{"href":"https:\/\/gabyenrose.com\/index.php\/wp-json\/wp\/v2\/pages\/999","targetHints":{"allow":["GET"]}}],"collection":[{"href":"https:\/\/gabyenrose.com\/index.php\/wp-json\/wp\/v2\/pages"}],"about":[{"href":"https:\/\/gabyenrose.com\/index.php\/wp-json\/wp\/v2\/types\/page"}],"author":[{"embeddable":true,"href":"https:\/\/gabyenrose.com\/index.php\/wp-json\/wp\/v2\/users\/1"}],"replies":[{"embeddable":true,"href":"https:\/\/gabyenrose.com\/index.php\/wp-json\/wp\/v2\/comments?post=999"}],"version-history":[{"count":11,"href":"https:\/\/gabyenrose.com\/index.php\/wp-json\/wp\/v2\/pages\/999\/revisions"}],"predecessor-version":[{"id":1070,"href":"https:\/\/gabyenrose.com\/index.php\/wp-json\/wp\/v2\/pages\/999\/revisions\/1070"}],"wp:attachment":[{"href":"https:\/\/gabyenrose.com\/index.php\/wp-json\/wp\/v2\/media?parent=999"}],"curies":[{"name":"wp","href":"https:\/\/api.w.org\/{rel}","templated":true}]}}