{"id":879,"date":"2024-11-19T21:57:41","date_gmt":"2024-11-19T20:57:41","guid":{"rendered":"https:\/\/gabyenrose.com\/?page_id=879"},"modified":"2024-11-19T21:58:35","modified_gmt":"2024-11-19T20:58:35","slug":"psychologies-magazine","status":"publish","type":"page","link":"https:\/\/gabyenrose.com\/index.php\/psychologies-magazine\/","title":{"rendered":"Psychologies magazine"},"content":{"rendered":"\n<div style=\"height:97px\" aria-hidden=\"true\" class=\"wp-block-spacer\"><\/div>\n\n\n\n<h2 class=\"wp-block-heading has-text-align-center has-ast-global-color-5-color has-text-color has-link-color has-x-large-font-size wp-elements-3669aad17800efa85d9c08f0748b9eed\">Apprendre \u00e0 apprivoiser ses \u00e9motions<\/h2>\n\n\n\n<p class=\"has-text-align-center has-ast-global-color-5-color has-text-color has-link-color wp-elements-08a7bbbeea70eedfc454c5a792259686\">R\u00e9alisation de 3 illustrations pour un article du magazine Psychologies, sur l&rsquo;accueil de ses propres \u00e9motions <br><em>Projet personnel &#8211; Mix de traditionnel et digital<\/em><\/p>\n\n\n\n<figure class=\"wp-block-image aligncenter size-large\"><img loading=\"lazy\" decoding=\"async\" width=\"1024\" height=\"731\" src=\"http:\/\/gabyenrose.com\/wp-content\/uploads\/2024\/11\/perspective-view-hard-shadow-opened-glossy-magazine-and-cover-mockup-template-6735ef154752e606f668d78b-@2x-1024x731.png\" alt=\"\" class=\"wp-image-876\" srcset=\"https:\/\/gabyenrose.com\/wp-content\/uploads\/2024\/11\/perspective-view-hard-shadow-opened-glossy-magazine-and-cover-mockup-template-6735ef154752e606f668d78b-@2x-1024x731.png 1024w, https:\/\/gabyenrose.com\/wp-content\/uploads\/2024\/11\/perspective-view-hard-shadow-opened-glossy-magazine-and-cover-mockup-template-6735ef154752e606f668d78b-@2x-300x214.png 300w, https:\/\/gabyenrose.com\/wp-content\/uploads\/2024\/11\/perspective-view-hard-shadow-opened-glossy-magazine-and-cover-mockup-template-6735ef154752e606f668d78b-@2x-768x549.png 768w, https:\/\/gabyenrose.com\/wp-content\/uploads\/2024\/11\/perspective-view-hard-shadow-opened-glossy-magazine-and-cover-mockup-template-6735ef154752e606f668d78b-@2x-1536x1097.png 1536w, https:\/\/gabyenrose.com\/wp-content\/uploads\/2024\/11\/perspective-view-hard-shadow-opened-glossy-magazine-and-cover-mockup-template-6735ef154752e606f668d78b-@2x-2048x1463.png 2048w\" sizes=\"auto, (max-width: 1024px) 100vw, 1024px\" \/><\/figure>\n\n\n\n<figure class=\"wp-block-image aligncenter size-full is-resized\"><img loading=\"lazy\" decoding=\"async\" width=\"2222\" height=\"2560\" src=\"http:\/\/gabyenrose.com\/wp-content\/uploads\/2024\/11\/Accueillir-ses-emotions-scaled.jpg\" alt=\"\" class=\"wp-image-877\" style=\"width:1022px;height:auto\" srcset=\"https:\/\/gabyenrose.com\/wp-content\/uploads\/2024\/11\/Accueillir-ses-emotions-scaled.jpg 2222w, https:\/\/gabyenrose.com\/wp-content\/uploads\/2024\/11\/Accueillir-ses-emotions-260x300.jpg 260w, https:\/\/gabyenrose.com\/wp-content\/uploads\/2024\/11\/Accueillir-ses-emotions-889x1024.jpg 889w, https:\/\/gabyenrose.com\/wp-content\/uploads\/2024\/11\/Accueillir-ses-emotions-768x885.jpg 768w, https:\/\/gabyenrose.com\/wp-content\/uploads\/2024\/11\/Accueillir-ses-emotions-1333x1536.jpg 1333w, https:\/\/gabyenrose.com\/wp-content\/uploads\/2024\/11\/Accueillir-ses-emotions-1778x2048.jpg 1778w\" sizes=\"auto, (max-width: 2222px) 100vw, 2222px\" \/><\/figure>\n\n\n\n<figure class=\"wp-block-image aligncenter size-large is-resized\"><img loading=\"lazy\" decoding=\"async\" width=\"724\" height=\"1024\" src=\"http:\/\/gabyenrose.com\/wp-content\/uploads\/2024\/11\/MEDITATION-v3-724x1024.jpg\" alt=\"\" class=\"wp-image-875\" style=\"width:1022px;height:auto\" srcset=\"https:\/\/gabyenrose.com\/wp-content\/uploads\/2024\/11\/MEDITATION-v3-724x1024.jpg 724w, https:\/\/gabyenrose.com\/wp-content\/uploads\/2024\/11\/MEDITATION-v3-212x300.jpg 212w, https:\/\/gabyenrose.com\/wp-content\/uploads\/2024\/11\/MEDITATION-v3-768x1086.jpg 768w, https:\/\/gabyenrose.com\/wp-content\/uploads\/2024\/11\/MEDITATION-v3-1086x1536.jpg 1086w, https:\/\/gabyenrose.com\/wp-content\/uploads\/2024\/11\/MEDITATION-v3-1448x2048.jpg 1448w, https:\/\/gabyenrose.com\/wp-content\/uploads\/2024\/11\/MEDITATION-v3-scaled.jpg 1810w\" sizes=\"auto, (max-width: 724px) 100vw, 724px\" \/><\/figure>\n","protected":false},"excerpt":{"rendered":"<p>Apprendre \u00e0 apprivoiser ses \u00e9motions R\u00e9alisation de 3 illustrations pour un article du magazine Psychologies, sur l&rsquo;accueil de ses propres [&hellip;]<\/p>\n","protected":false},"author":1,"featured_media":0,"parent":0,"menu_order":0,"comment_status":"closed","ping_status":"closed","template":"","meta":{"site-sidebar-layout":"default","site-content-layout":"","ast-site-content-layout":"","site-content-style":"default","site-sidebar-style":"default","ast-global-header-display":"","ast-banner-title-visibility":"","ast-main-header-display":"","ast-hfb-above-header-display":"","ast-hfb-below-header-display":"","ast-hfb-mobile-header-display":"","site-post-title":"disabled","ast-breadcrumbs-content":"","ast-featured-img":"","footer-sml-layout":"","theme-transparent-header-meta":"","adv-header-id-meta":"","stick-header-meta":"","header-above-stick-meta":"","header-main-stick-meta":"","header-below-stick-meta":"","astra-migrate-meta-layouts":"default","ast-page-background-enabled":"default","ast-page-background-meta":{"desktop":{"background-color":"var(--ast-global-color-4)","background-image":"","background-repeat":"repeat","background-position":"center center","background-size":"auto","background-attachment":"scroll","background-type":"","background-media":"","overlay-type":"","overlay-color":"","overlay-opacity":"","overlay-gradient":""},"tablet":{"background-color":"","background-image":"","background-repeat":"repeat","background-position":"center center","background-size":"auto","background-attachment":"scroll","background-type":"","background-media":"","overlay-type":"","overlay-color":"","overlay-opacity":"","overlay-gradient":""},"mobile":{"background-color":"","background-image":"","background-repeat":"repeat","background-position":"center center","background-size":"auto","background-attachment":"scroll","background-type":"","background-media":"","overlay-type":"","overlay-color":"","overlay-opacity":"","overlay-gradient":""}},"ast-content-background-meta":{"desktop":{"background-color":"var(--ast-global-color-5)","background-image":"","background-repeat":"repeat","background-position":"center center","background-size":"auto","background-attachment":"scroll","background-type":"","background-media":"","overlay-type":"","overlay-color":"","overlay-opacity":"","overlay-gradient":""},"tablet":{"background-color":"var(--ast-global-color-5)","background-image":"","background-repeat":"repeat","background-position":"center center","background-size":"auto","background-attachment":"scroll","background-type":"","background-media":"","overlay-type":"","overlay-color":"","overlay-opacity":"","overlay-gradient":""},"mobile":{"background-color":"var(--ast-global-color-5)","background-image":"","background-repeat":"repeat","background-position":"center center","background-size":"auto","background-attachment":"scroll","background-type":"","background-media":"","overlay-type":"","overlay-color":"","overlay-opacity":"","overlay-gradient":""}},"footnotes":""},"class_list":["post-879","page","type-page","status-publish","hentry"],"_links":{"self":[{"href":"https:\/\/gabyenrose.com\/index.php\/wp-json\/wp\/v2\/pages\/879","targetHints":{"allow":["GET"]}}],"collection":[{"href":"https:\/\/gabyenrose.com\/index.php\/wp-json\/wp\/v2\/pages"}],"about":[{"href":"https:\/\/gabyenrose.com\/index.php\/wp-json\/wp\/v2\/types\/page"}],"author":[{"embeddable":true,"href":"https:\/\/gabyenrose.com\/index.php\/wp-json\/wp\/v2\/users\/1"}],"replies":[{"embeddable":true,"href":"https:\/\/gabyenrose.com\/index.php\/wp-json\/wp\/v2\/comments?post=879"}],"version-history":[{"count":4,"href":"https:\/\/gabyenrose.com\/index.php\/wp-json\/wp\/v2\/pages\/879\/revisions"}],"predecessor-version":[{"id":884,"href":"https:\/\/gabyenrose.com\/index.php\/wp-json\/wp\/v2\/pages\/879\/revisions\/884"}],"wp:attachment":[{"href":"https:\/\/gabyenrose.com\/index.php\/wp-json\/wp\/v2\/media?parent=879"}],"curies":[{"name":"wp","href":"https:\/\/api.w.org\/{rel}","templated":true}]}}