{"id":833,"date":"2024-11-19T20:44:38","date_gmt":"2024-11-19T19:44:38","guid":{"rendered":"https:\/\/gabyenrose.com\/?page_id=833"},"modified":"2024-11-22T16:51:40","modified_gmt":"2024-11-22T15:51:40","slug":"gourmandish-thes","status":"publish","type":"page","link":"https:\/\/gabyenrose.com\/index.php\/gourmandish-thes\/","title":{"rendered":"Gourmandish Th\u00e9s"},"content":{"rendered":"\n<div style=\"height:97px\" aria-hidden=\"true\" class=\"wp-block-spacer\"><\/div>\n\n\n\n<h2 class=\"wp-block-heading has-text-align-center has-ast-global-color-5-color has-text-color has-link-color has-x-large-font-size wp-elements-ee2dede987b39a8c094d464054fa6994\">Gourmandish Th\u00e9s<\/h2>\n\n\n\n<p class=\"has-text-align-center has-ast-global-color-5-color has-text-color has-link-color wp-elements-340067ce3a399ca7b66e4820bf55e5da\">Illustrations r\u00e9alis\u00e9es pour les packagings de la marque Gourmandish Th\u00e9s &#8211; 2023<br><em>Mix de traditionnel et digital<\/em><\/p>\n\n\n\n<figure class=\"wp-block-image aligncenter size-large\"><img loading=\"lazy\" decoding=\"async\" width=\"1024\" height=\"1024\" src=\"http:\/\/gabyenrose.com\/wp-content\/uploads\/2024\/11\/Mockup-mise-en-scene-1024x1024.png\" alt=\"\" class=\"wp-image-748\" srcset=\"https:\/\/gabyenrose.com\/wp-content\/uploads\/2024\/11\/Mockup-mise-en-scene-1024x1024.png 1024w, https:\/\/gabyenrose.com\/wp-content\/uploads\/2024\/11\/Mockup-mise-en-scene-300x300.png 300w, https:\/\/gabyenrose.com\/wp-content\/uploads\/2024\/11\/Mockup-mise-en-scene-150x150.png 150w, https:\/\/gabyenrose.com\/wp-content\/uploads\/2024\/11\/Mockup-mise-en-scene-768x768.png 768w, https:\/\/gabyenrose.com\/wp-content\/uploads\/2024\/11\/Mockup-mise-en-scene-1536x1536.png 1536w, https:\/\/gabyenrose.com\/wp-content\/uploads\/2024\/11\/Mockup-mise-en-scene-2048x2048.png 2048w\" sizes=\"auto, (max-width: 1024px) 100vw, 1024px\" \/><\/figure>\n\n\n\n<div class=\"wp-block-columns is-layout-flex wp-container-core-columns-is-layout-28f84493 wp-block-columns-is-layout-flex\">\n<div class=\"wp-block-column is-layout-flow wp-block-column-is-layout-flow\">\n<figure class=\"wp-block-image size-large\"><img loading=\"lazy\" decoding=\"async\" width=\"855\" height=\"1024\" src=\"http:\/\/gabyenrose.com\/wp-content\/uploads\/2024\/11\/Chococo_Tout_Chaud-e1732109356721-855x1024.jpg\" alt=\"\" class=\"wp-image-837\" srcset=\"https:\/\/gabyenrose.com\/wp-content\/uploads\/2024\/11\/Chococo_Tout_Chaud-e1732109356721-855x1024.jpg 855w, https:\/\/gabyenrose.com\/wp-content\/uploads\/2024\/11\/Chococo_Tout_Chaud-e1732109356721-251x300.jpg 251w, https:\/\/gabyenrose.com\/wp-content\/uploads\/2024\/11\/Chococo_Tout_Chaud-e1732109356721-768x920.jpg 768w, https:\/\/gabyenrose.com\/wp-content\/uploads\/2024\/11\/Chococo_Tout_Chaud-e1732109356721.jpg 866w\" sizes=\"auto, (max-width: 855px) 100vw, 855px\" \/><\/figure>\n<\/div>\n\n\n\n<div class=\"wp-block-column is-layout-flow wp-block-column-is-layout-flow\">\n<figure class=\"wp-block-image size-large\"><img loading=\"lazy\" decoding=\"async\" width=\"864\" height=\"1024\" src=\"http:\/\/gabyenrose.com\/wp-content\/uploads\/2024\/11\/Cookies_Subtils-e1732109385536-864x1024.jpg\" alt=\"\" class=\"wp-image-838\" srcset=\"https:\/\/gabyenrose.com\/wp-content\/uploads\/2024\/11\/Cookies_Subtils-e1732109385536-864x1024.jpg 864w, https:\/\/gabyenrose.com\/wp-content\/uploads\/2024\/11\/Cookies_Subtils-e1732109385536-253x300.jpg 253w, https:\/\/gabyenrose.com\/wp-content\/uploads\/2024\/11\/Cookies_Subtils-e1732109385536-768x910.jpg 768w, https:\/\/gabyenrose.com\/wp-content\/uploads\/2024\/11\/Cookies_Subtils-e1732109385536.jpg 880w\" sizes=\"auto, (max-width: 864px) 100vw, 864px\" \/><\/figure>\n<\/div>\n<\/div>\n\n\n\n<div class=\"wp-block-columns is-layout-flex wp-container-core-columns-is-layout-28f84493 wp-block-columns-is-layout-flex\">\n<div class=\"wp-block-column is-layout-flow wp-block-column-is-layout-flow\">\n<figure class=\"wp-block-image size-large\"><img loading=\"lazy\" decoding=\"async\" width=\"799\" height=\"1024\" src=\"http:\/\/gabyenrose.com\/wp-content\/uploads\/2024\/11\/Rooibos_Noisettella_-scaled-e1732109332635-799x1024.jpg\" alt=\"\" class=\"wp-image-836\" srcset=\"https:\/\/gabyenrose.com\/wp-content\/uploads\/2024\/11\/Rooibos_Noisettella_-scaled-e1732109332635-799x1024.jpg 799w, https:\/\/gabyenrose.com\/wp-content\/uploads\/2024\/11\/Rooibos_Noisettella_-scaled-e1732109332635-234x300.jpg 234w, https:\/\/gabyenrose.com\/wp-content\/uploads\/2024\/11\/Rooibos_Noisettella_-scaled-e1732109332635-768x985.jpg 768w, https:\/\/gabyenrose.com\/wp-content\/uploads\/2024\/11\/Rooibos_Noisettella_-scaled-e1732109332635-1198x1536.jpg 1198w, https:\/\/gabyenrose.com\/wp-content\/uploads\/2024\/11\/Rooibos_Noisettella_-scaled-e1732109332635-1597x2048.jpg 1597w, https:\/\/gabyenrose.com\/wp-content\/uploads\/2024\/11\/Rooibos_Noisettella_-scaled-e1732109332635.jpg 1694w\" sizes=\"auto, (max-width: 799px) 100vw, 799px\" \/><\/figure>\n<\/div>\n\n\n\n<div class=\"wp-block-column is-layout-flow wp-block-column-is-layout-flow\">\n<figure class=\"wp-block-image size-large is-resized\"><img loading=\"lazy\" decoding=\"async\" width=\"773\" height=\"1024\" src=\"http:\/\/gabyenrose.com\/wp-content\/uploads\/2024\/11\/Fraisier_Tout_Entier-scaled-e1732109297575-773x1024.jpg\" alt=\"\" class=\"wp-image-835\" style=\"width:522px;height:auto\" srcset=\"https:\/\/gabyenrose.com\/wp-content\/uploads\/2024\/11\/Fraisier_Tout_Entier-scaled-e1732109297575-773x1024.jpg 773w, https:\/\/gabyenrose.com\/wp-content\/uploads\/2024\/11\/Fraisier_Tout_Entier-scaled-e1732109297575-227x300.jpg 227w, https:\/\/gabyenrose.com\/wp-content\/uploads\/2024\/11\/Fraisier_Tout_Entier-scaled-e1732109297575-768x1017.jpg 768w, https:\/\/gabyenrose.com\/wp-content\/uploads\/2024\/11\/Fraisier_Tout_Entier-scaled-e1732109297575-1160x1536.jpg 1160w, https:\/\/gabyenrose.com\/wp-content\/uploads\/2024\/11\/Fraisier_Tout_Entier-scaled-e1732109297575.jpg 1527w\" sizes=\"auto, (max-width: 773px) 100vw, 773px\" \/><\/figure>\n<\/div>\n<\/div>\n\n\n\n<figure class=\"wp-block-image aligncenter size-full\"><img loading=\"lazy\" decoding=\"async\" width=\"994\" height=\"994\" src=\"https:\/\/gabyenrose.com\/wp-content\/uploads\/2024\/11\/Gourmandish-thes.jpg\" alt=\"\" class=\"wp-image-847\" srcset=\"https:\/\/gabyenrose.com\/wp-content\/uploads\/2024\/11\/Gourmandish-thes.jpg 994w, https:\/\/gabyenrose.com\/wp-content\/uploads\/2024\/11\/Gourmandish-thes-300x300.jpg 300w, https:\/\/gabyenrose.com\/wp-content\/uploads\/2024\/11\/Gourmandish-thes-150x150.jpg 150w, https:\/\/gabyenrose.com\/wp-content\/uploads\/2024\/11\/Gourmandish-thes-768x768.jpg 768w\" sizes=\"auto, (max-width: 994px) 100vw, 994px\" \/><\/figure>\n","protected":false},"excerpt":{"rendered":"<p>Gourmandish Th\u00e9s Illustrations r\u00e9alis\u00e9es pour les packagings de la marque Gourmandish Th\u00e9s &#8211; 2023Mix de traditionnel et digital<\/p>\n","protected":false},"author":1,"featured_media":0,"parent":0,"menu_order":0,"comment_status":"closed","ping_status":"closed","template":"","meta":{"site-sidebar-layout":"default","site-content-layout":"","ast-site-content-layout":"","site-content-style":"default","site-sidebar-style":"default","ast-global-header-display":"","ast-banner-title-visibility":"","ast-main-header-display":"","ast-hfb-above-header-display":"","ast-hfb-below-header-display":"","ast-hfb-mobile-header-display":"","site-post-title":"disabled","ast-breadcrumbs-content":"","ast-featured-img":"","footer-sml-layout":"","theme-transparent-header-meta":"","adv-header-id-meta":"","stick-header-meta":"","header-above-stick-meta":"","header-main-stick-meta":"","header-below-stick-meta":"","astra-migrate-meta-layouts":"default","ast-page-background-enabled":"default","ast-page-background-meta":{"desktop":{"background-color":"var(--ast-global-color-4)","background-image":"","background-repeat":"repeat","background-position":"center center","background-size":"auto","background-attachment":"scroll","background-type":"","background-media":"","overlay-type":"","overlay-color":"","overlay-opacity":"","overlay-gradient":""},"tablet":{"background-color":"","background-image":"","background-repeat":"repeat","background-position":"center center","background-size":"auto","background-attachment":"scroll","background-type":"","background-media":"","overlay-type":"","overlay-color":"","overlay-opacity":"","overlay-gradient":""},"mobile":{"background-color":"","background-image":"","background-repeat":"repeat","background-position":"center center","background-size":"auto","background-attachment":"scroll","background-type":"","background-media":"","overlay-type":"","overlay-color":"","overlay-opacity":"","overlay-gradient":""}},"ast-content-background-meta":{"desktop":{"background-color":"var(--ast-global-color-5)","background-image":"","background-repeat":"repeat","background-position":"center center","background-size":"auto","background-attachment":"scroll","background-type":"","background-media":"","overlay-type":"","overlay-color":"","overlay-opacity":"","overlay-gradient":""},"tablet":{"background-color":"var(--ast-global-color-5)","background-image":"","background-repeat":"repeat","background-position":"center center","background-size":"auto","background-attachment":"scroll","background-type":"","background-media":"","overlay-type":"","overlay-color":"","overlay-opacity":"","overlay-gradient":""},"mobile":{"background-color":"var(--ast-global-color-5)","background-image":"","background-repeat":"repeat","background-position":"center center","background-size":"auto","background-attachment":"scroll","background-type":"","background-media":"","overlay-type":"","overlay-color":"","overlay-opacity":"","overlay-gradient":""}},"footnotes":""},"class_list":["post-833","page","type-page","status-publish","hentry"],"_links":{"self":[{"href":"https:\/\/gabyenrose.com\/index.php\/wp-json\/wp\/v2\/pages\/833","targetHints":{"allow":["GET"]}}],"collection":[{"href":"https:\/\/gabyenrose.com\/index.php\/wp-json\/wp\/v2\/pages"}],"about":[{"href":"https:\/\/gabyenrose.com\/index.php\/wp-json\/wp\/v2\/types\/page"}],"author":[{"embeddable":true,"href":"https:\/\/gabyenrose.com\/index.php\/wp-json\/wp\/v2\/users\/1"}],"replies":[{"embeddable":true,"href":"https:\/\/gabyenrose.com\/index.php\/wp-json\/wp\/v2\/comments?post=833"}],"version-history":[{"count":10,"href":"https:\/\/gabyenrose.com\/index.php\/wp-json\/wp\/v2\/pages\/833\/revisions"}],"predecessor-version":[{"id":1022,"href":"https:\/\/gabyenrose.com\/index.php\/wp-json\/wp\/v2\/pages\/833\/revisions\/1022"}],"wp:attachment":[{"href":"https:\/\/gabyenrose.com\/index.php\/wp-json\/wp\/v2\/media?parent=833"}],"curies":[{"name":"wp","href":"https:\/\/api.w.org\/{rel}","templated":true}]}}