{"id":800,"date":"2024-11-20T16:20:14","date_gmt":"2024-11-20T15:20:14","guid":{"rendered":"https:\/\/gabyenrose.com\/?page_id=800"},"modified":"2024-11-20T20:30:08","modified_gmt":"2024-11-20T19:30:08","slug":"a-propos","status":"publish","type":"page","link":"https:\/\/gabyenrose.com\/index.php\/a-propos\/","title":{"rendered":"A propos"},"content":{"rendered":"\n<div style=\"height:97px\" aria-hidden=\"true\" class=\"wp-block-spacer\"><\/div>\n\n\n\n<h2 class=\"wp-block-heading has-text-align-center has-ast-global-color-5-color has-text-color has-link-color has-x-large-font-size wp-elements-c368ee3814aa32a03cb158ee3bc64b61\">About me<\/h2>\n\n\n\n<div style=\"height:70px\" aria-hidden=\"true\" class=\"wp-block-spacer\"><\/div>\n\n\n\n<div class=\"wp-block-media-text is-stacked-on-mobile\" style=\"grid-template-columns:31% auto\"><figure class=\"wp-block-media-text__media\"><img loading=\"lazy\" decoding=\"async\" width=\"683\" height=\"1024\" src=\"http:\/\/gabyenrose.com\/wp-content\/uploads\/2024\/11\/Portrait-pour-mon-site-web-683x1024.jpg\" alt=\"\" class=\"wp-image-803 size-full\" srcset=\"https:\/\/gabyenrose.com\/wp-content\/uploads\/2024\/11\/Portrait-pour-mon-site-web-683x1024.jpg 683w, https:\/\/gabyenrose.com\/wp-content\/uploads\/2024\/11\/Portrait-pour-mon-site-web-200x300.jpg 200w, https:\/\/gabyenrose.com\/wp-content\/uploads\/2024\/11\/Portrait-pour-mon-site-web-768x1151.jpg 768w, https:\/\/gabyenrose.com\/wp-content\/uploads\/2024\/11\/Portrait-pour-mon-site-web-1025x1536.jpg 1025w, https:\/\/gabyenrose.com\/wp-content\/uploads\/2024\/11\/Portrait-pour-mon-site-web-1366x2048.jpg 1366w, https:\/\/gabyenrose.com\/wp-content\/uploads\/2024\/11\/Portrait-pour-mon-site-web.jpg 1708w\" sizes=\"auto, (max-width: 683px) 100vw, 683px\" \/><\/figure><div class=\"wp-block-media-text__content\">\n<p class=\"has-text-align-left has-ast-global-color-5-color has-text-color has-link-color wp-elements-5b1e2602b811516969443cce8e455176\" style=\"font-size:16px\">Hello ! Je suis illustratrice freelance bas\u00e9e \u00e0 Paris. Dipl\u00f4m\u00e9e d\u2019une \u00e9cole de mode,<br>en tant que styliste-infographiste, c\u2019est surtout le dessin et l\u2019illustration<br>qui me passionnent.<br>Je r\u00e9alise principalement mes illustrations en m\u00e9langeant le dessin traditionnel<br>et la mise en couleurs digitale.<br>Je vous aide, au travers de mes cr\u00e9ations, \u00e0 raconter une histoire, \u00e0 traduire vos<br>id\u00e9es et messages, et \u00e0 mettre en avant vos produits ou campagnes de<br>communication.<br>Je serais ravie de vous accompagner pour donner vie \u00e0 votre imaginaire !<br><em><br><\/em><\/p>\n\n\n\n<p class=\"has-text-align-left has-ast-global-color-5-color has-text-color has-link-color wp-elements-8c37b46cbc0b1d847d2c7aaaeff39c0e\" style=\"font-size:16px\"><em>Hello! I am a freelance illustrator based in Paris. Graduated from a fashion school,<br>as a fashion designer, it is mainly drawing and illustration which fascinate me.<br>I mostly work by mixing traditional and digital process.<br>I will help you, through my creations, to tell a story, to translate your ideas and<br>messages, and to highlight your products or marketing campaigns.<br>I would be delighted to help you bring your imagination to life!<\/em><\/p>\n<\/div><\/div>\n\n\n\n<p><\/p>\n\n\n\n<div style=\"height:50px\" aria-hidden=\"true\" class=\"wp-block-spacer\"><\/div>\n\n\n\n<h2 class=\"wp-block-heading has-medium-font-size\"><mark style=\"background-color:rgba(0, 0, 0, 0)\" class=\"has-inline-color has-ast-global-color-5-color\">Ils m&rsquo;ont fait confiance :<\/mark><\/h2>\n\n\n\n<p><em><mark style=\"background-color:rgba(0, 0, 0, 0)\" class=\"has-inline-color has-ast-global-color-5-color\">\u00ab\u00a0J&rsquo;ai travaill\u00e9 avec GabyEnRose pour mon entreprise Gourmandish et j&rsquo;ai \u00e9t\u00e9 tr\u00e8s satisfaite de l&rsquo;esth\u00e9tique que ses illustrations ont apport\u00e9es \u00e0 la marque.<br>Elle sait clairement transporter dans un univers. De plus, elle est r\u00e9active et disponible facilement pour \u00e9changer.\u00a0\u00bb<\/mark><\/em><br><mark style=\"background-color:rgba(0, 0, 0, 0)\" class=\"has-inline-color has-ast-global-color-5-color\">Aurore, de Gourmandish<\/mark><\/p>\n\n\n\n<p><\/p>\n","protected":false},"excerpt":{"rendered":"<p>About me Hello ! Je suis illustratrice freelance bas\u00e9e \u00e0 Paris. Dipl\u00f4m\u00e9e d\u2019une \u00e9cole de mode,en tant que styliste-infographiste, c\u2019est [&hellip;]<\/p>\n","protected":false},"author":1,"featured_media":0,"parent":0,"menu_order":0,"comment_status":"closed","ping_status":"closed","template":"","meta":{"site-sidebar-layout":"default","site-content-layout":"","ast-site-content-layout":"","site-content-style":"default","site-sidebar-style":"default","ast-global-header-display":"","ast-banner-title-visibility":"","ast-main-header-display":"","ast-hfb-above-header-display":"","ast-hfb-below-header-display":"","ast-hfb-mobile-header-display":"","site-post-title":"disabled","ast-breadcrumbs-content":"","ast-featured-img":"","footer-sml-layout":"","theme-transparent-header-meta":"","adv-header-id-meta":"","stick-header-meta":"","header-above-stick-meta":"","header-main-stick-meta":"","header-below-stick-meta":"","astra-migrate-meta-layouts":"default","ast-page-background-enabled":"default","ast-page-background-meta":{"desktop":{"background-color":"var(--ast-global-color-4)","background-image":"","background-repeat":"repeat","background-position":"center center","background-size":"auto","background-attachment":"scroll","background-type":"","background-media":"","overlay-type":"","overlay-color":"","overlay-opacity":"","overlay-gradient":""},"tablet":{"background-color":"","background-image":"","background-repeat":"repeat","background-position":"center center","background-size":"auto","background-attachment":"scroll","background-type":"","background-media":"","overlay-type":"","overlay-color":"","overlay-opacity":"","overlay-gradient":""},"mobile":{"background-color":"","background-image":"","background-repeat":"repeat","background-position":"center center","background-size":"auto","background-attachment":"scroll","background-type":"","background-media":"","overlay-type":"","overlay-color":"","overlay-opacity":"","overlay-gradient":""}},"ast-content-background-meta":{"desktop":{"background-color":"var(--ast-global-color-5)","background-image":"","background-repeat":"repeat","background-position":"center center","background-size":"auto","background-attachment":"scroll","background-type":"","background-media":"","overlay-type":"","overlay-color":"","overlay-opacity":"","overlay-gradient":""},"tablet":{"background-color":"var(--ast-global-color-5)","background-image":"","background-repeat":"repeat","background-position":"center center","background-size":"auto","background-attachment":"scroll","background-type":"","background-media":"","overlay-type":"","overlay-color":"","overlay-opacity":"","overlay-gradient":""},"mobile":{"background-color":"var(--ast-global-color-5)","background-image":"","background-repeat":"repeat","background-position":"center center","background-size":"auto","background-attachment":"scroll","background-type":"","background-media":"","overlay-type":"","overlay-color":"","overlay-opacity":"","overlay-gradient":""}},"footnotes":""},"class_list":["post-800","page","type-page","status-publish","hentry"],"_links":{"self":[{"href":"https:\/\/gabyenrose.com\/index.php\/wp-json\/wp\/v2\/pages\/800","targetHints":{"allow":["GET"]}}],"collection":[{"href":"https:\/\/gabyenrose.com\/index.php\/wp-json\/wp\/v2\/pages"}],"about":[{"href":"https:\/\/gabyenrose.com\/index.php\/wp-json\/wp\/v2\/types\/page"}],"author":[{"embeddable":true,"href":"https:\/\/gabyenrose.com\/index.php\/wp-json\/wp\/v2\/users\/1"}],"replies":[{"embeddable":true,"href":"https:\/\/gabyenrose.com\/index.php\/wp-json\/wp\/v2\/comments?post=800"}],"version-history":[{"count":18,"href":"https:\/\/gabyenrose.com\/index.php\/wp-json\/wp\/v2\/pages\/800\/revisions"}],"predecessor-version":[{"id":956,"href":"https:\/\/gabyenrose.com\/index.php\/wp-json\/wp\/v2\/pages\/800\/revisions\/956"}],"wp:attachment":[{"href":"https:\/\/gabyenrose.com\/index.php\/wp-json\/wp\/v2\/media?parent=800"}],"curies":[{"name":"wp","href":"https:\/\/api.w.org\/{rel}","templated":true}]}}